{"id":1780,"date":"2026-03-31T11:22:22","date_gmt":"2026-03-31T11:22:22","guid":{"rendered":"http:\/\/lkwstorecontrol.com\/malerwien24\/?page_id=1780"},"modified":"2026-03-31T12:32:21","modified_gmt":"2026-03-31T12:32:21","slug":"unserereferenzen","status":"publish","type":"page","link":"https:\/\/lkwstorecontrol.com\/malerwien24\/unserereferenzen\/","title":{"rendered":"Referenzen"},"content":{"rendered":"\t\t<div data-elementor-type=\"wp-page\" data-elementor-id=\"1780\" class=\"elementor elementor-1780\">\n\t\t\t\t\t\t<section class=\"elementor-section elementor-top-section elementor-element elementor-element-1b894bb elementor-section-full_width elementor-section-height-default elementor-section-height-default\" data-id=\"1b894bb\" data-element_type=\"section\">\n\t\t\t\t\t\t<div class=\"elementor-container elementor-column-gap-default\">\n\t\t\t\t\t<div class=\"elementor-column elementor-col-100 elementor-top-column elementor-element elementor-element-d4fe09a\" data-id=\"d4fe09a\" data-element_type=\"column\">\n\t\t\t<div class=\"elementor-widget-wrap elementor-element-populated\">\n\t\t\t\t\t\t<div class=\"elementor-element elementor-element-e418665 elementor-widget elementor-widget-roonix_our_services_v3\" data-id=\"e418665\" data-element_type=\"widget\" data-widget_type=\"roonix_our_services_v3.default\">\n\t\t\t\t<div class=\"elementor-widget-container\">\n\t\t\t\t\t        \r\n        <section class=\"services-section-four\">\r\n            <div class=\"auto-container\">\r\n                                <!-- Sec Title -->\r\n                <div class=\"sec-title\">\r\n                    <div class=\"title\">UNSERE REFERENZEN<\/div>                    <h2>Wir machen keinen Unterschied zwischen kleinen und gro\u00dfen Auftr\u00e4gen. Wir f\u00fchren jeden Auftrag auf h\u00f6chstem Niveau aus.<\/h2>                <\/div>\r\n                                <div class=\"inner-container\">\r\n                    <div class=\"three-item-carousel owl-carousel owl-theme\">\r\n                        \r\n                                                <!-- Service Block Four -->\r\n                        <div class=\"service-block-four\">\r\n                            <div class=\"inner-box\">\r\n                                <div class=\"icon \"><\/div>\r\n                                <h4><a href=\"\">Innenanstrich, Tapezieren<\/a><\/h4>\r\n                                <div class=\"text\"><\/div>\r\n                                <a class=\"arrow flaticon-right-arrow-1\" href=\"\"><\/a>\r\n                            <\/div>\r\n                        <\/div>\r\n                                                <!-- Service Block Four -->\r\n                        <div class=\"service-block-four\">\r\n                            <div class=\"inner-box\">\r\n                                <div class=\"icon \"><\/div>\r\n                                <h4><a href=\"\">Au\u00dfenanstrich, Fassaden<\/a><\/h4>\r\n                                <div class=\"text\">ghrghjthjzjuzjuuzjuzu<\/div>\r\n                                <a class=\"arrow flaticon-right-arrow-1\" href=\"\"><\/a>\r\n                            <\/div>\r\n                        <\/div>\r\n                                                \r\n                    <\/div>\r\n                <\/div>\r\n            <\/div>\r\n            <div class=\"image-layer\" style=\"background-image: url(https:\/\/lkwstorecontrol.com\/malerwien24\/wp-content\/uploads\/2022\/05\/12.png)\"><\/div>         <\/section>\r\n \r\n\t\t\t\t\t\t<\/div>\n\t\t\t\t<\/div>\n\t\t\t\t\t<\/div>\n\t\t<\/div>\n\t\t\t\t\t<\/div>\n\t\t<\/section>\n\t\t<div class=\"elementor-element elementor-element-6e7f14a e-flex e-con-boxed e-con e-parent\" data-id=\"6e7f14a\" data-element_type=\"container\">\n\t\t\t\t\t<div class=\"e-con-inner\">\n\t\t\t\t<div class=\"elementor-element elementor-element-6d137c3 elementor-widget elementor-widget-text-editor\" data-id=\"6d137c3\" data-element_type=\"widget\" data-widget_type=\"text-editor.default\">\n\t\t\t\t\t\t\t\t\t<h4>HAUS DES MEHRESngg_shortcode_0_placeholder<\/h4>\t\t\t\t\t\t\t\t<\/div>\n\t\t\t\t\t<\/div>\n\t\t\t\t<\/div>\n\t\t<div class=\"elementor-element elementor-element-aab4e88 e-flex e-con-boxed e-con e-parent\" data-id=\"aab4e88\" data-element_type=\"container\">\n\t\t\t\t\t<div class=\"e-con-inner\">\n\t\t\t\t<div class=\"elementor-element elementor-element-3d802cb elementor-widget elementor-widget-text-editor\" data-id=\"3d802cb\" data-element_type=\"widget\" data-widget_type=\"text-editor.default\">\n\t\t\t\t\t\t\t\t\t<h4>VERNSEHER WAND DEKORATION<\/h4>ngg_shortcode_1_placeholder\t\t\t\t\t\t\t\t<\/div>\n\t\t\t\t\t<\/div>\n\t\t\t\t<\/div>\n\t\t<div class=\"elementor-element elementor-element-32cede9 e-flex e-con-boxed e-con e-parent\" data-id=\"32cede9\" data-element_type=\"container\">\n\t\t\t\t\t<div class=\"e-con-inner\">\n\t\t\t\t<div class=\"elementor-element elementor-element-3519fd8 elementor-widget elementor-widget-text-editor\" data-id=\"3519fd8\" data-element_type=\"widget\" data-widget_type=\"text-editor.default\">\n\t\t\t\t\t\t\t\t\t<h4>SCHLAFZIMMER DEKORATION<\/h4>ngg_shortcode_2_placeholder\t\t\t\t\t\t\t\t<\/div>\n\t\t\t\t\t<\/div>\n\t\t\t\t<\/div>\n\t\t\t\t<section class=\"elementor-section elementor-top-section elementor-element elementor-element-e0a1ab3 elementor-section-full_width elementor-section-height-default elementor-section-height-default\" data-id=\"e0a1ab3\" data-element_type=\"section\" data-settings=\"{&quot;animation&quot;:&quot;none&quot;}\">\n\t\t\t\t\t\t<div class=\"elementor-container elementor-column-gap-default\">\n\t\t\t\t\t<div class=\"elementor-column elementor-col-100 elementor-top-column elementor-element elementor-element-a7f2f70\" data-id=\"a7f2f70\" data-element_type=\"column\">\n\t\t\t<div class=\"elementor-widget-wrap elementor-element-populated\">\n\t\t\t\t\t\t<div class=\"elementor-element elementor-element-b8a557f elementor-invisible elementor-widget elementor-widget-roonix_our_testimonial_v2\" data-id=\"b8a557f\" data-element_type=\"widget\" data-settings=\"{&quot;_animation&quot;:&quot;slideInRight&quot;}\" data-widget_type=\"roonix_our_testimonial_v2.default\">\n\t\t\t\t<div class=\"elementor-widget-container\">\n\t\t\t\t\t    \r\n    <section class=\"testimonial-section-two\" >\r\n        <div class=\"auto-container\">\r\n                        <!-- Sec Title -->\r\n            <div class=\"sec-title light\">\r\n                <div class=\"title\">Das sagen unsere Kunden \u00fcber uns<\/div>                <h2>Einige R\u00fcckmeldungen unserer<br> zufriedenen Kunden<\/h2>            <\/div>\r\n                        <div class=\"inner-container\">\r\n                <div class=\"three-item-carousel owl-carousel owl-theme\">\r\n                    \r\n                                        <!-- Testimonial Block Two -->\r\n                    <div class=\"testimonial-block-two\">\r\n                        <div class=\"inner-box\">\r\n                            <div class=\"info-box\">\r\n                                <div class=\"info-inner\">\r\n                                                                        <div class=\"author-image\">\r\n                                        <img decoding=\"async\" width=\"94\" height=\"94\" src=\"https:\/\/lkwstorecontrol.com\/malerwien24\/wp-content\/uploads\/2022\/05\/author-1.jpg\" class=\"attachment-roonix_94x94 size-roonix_94x94 wp-post-image\" alt=\"\" srcset=\"https:\/\/lkwstorecontrol.com\/malerwien24\/wp-content\/uploads\/2022\/05\/author-1.jpg 94w, https:\/\/lkwstorecontrol.com\/malerwien24\/wp-content\/uploads\/2022\/05\/author-1-90x90.jpg 90w, https:\/\/lkwstorecontrol.com\/malerwien24\/wp-content\/uploads\/2022\/05\/author-1-80x80.jpg 80w\" sizes=\"(max-width: 94px) 100vw, 94px\" \/>                                    <\/div>\r\n                                                                        De Willmson                                    <i>(CEO@Orix)<\/i>\r\n                                <\/div>\r\n                            <\/div>\r\n                            <div class=\"text\">Capitalize on low hanging fruit to identify a ballpark value added activity to beta test. Override the digital divide with additional clickthroughs from DevOps. Nanotechnology immersion morbi ...<\/div>\r\n                            <span class=\"quote-icon flaticon-quote\"><\/span>\r\n                        <\/div>\r\n                    <\/div>\r\n                                        <!-- Testimonial Block Two -->\r\n                    <div class=\"testimonial-block-two\">\r\n                        <div class=\"inner-box\">\r\n                            <div class=\"info-box\">\r\n                                <div class=\"info-inner\">\r\n                                                                        <div class=\"author-image\">\r\n                                        <img decoding=\"async\" width=\"94\" height=\"94\" src=\"https:\/\/lkwstorecontrol.com\/malerwien24\/wp-content\/uploads\/2022\/05\/author-2.jpg\" class=\"attachment-roonix_94x94 size-roonix_94x94 wp-post-image\" alt=\"\" srcset=\"https:\/\/lkwstorecontrol.com\/malerwien24\/wp-content\/uploads\/2022\/05\/author-2.jpg 94w, https:\/\/lkwstorecontrol.com\/malerwien24\/wp-content\/uploads\/2022\/05\/author-2-90x90.jpg 90w, https:\/\/lkwstorecontrol.com\/malerwien24\/wp-content\/uploads\/2022\/05\/author-2-80x80.jpg 80w\" sizes=\"(max-width: 94px) 100vw, 94px\" \/>                                    <\/div>\r\n                                                                        John Peter                                    <i>(Manager@Orix)<\/i>\r\n                                <\/div>\r\n                            <\/div>\r\n                            <div class=\"text\">Donec vitae lectus non lacus quis dapibus magna. Praesent sed justo laoreet, iaculis est in, vehicula massa. Donec gravida, lacus id molestie mauris ac nec dictum odio ...<\/div>\r\n                            <span class=\"quote-icon flaticon-quote\"><\/span>\r\n                        <\/div>\r\n                    <\/div>\r\n                                        <!-- Testimonial Block Two -->\r\n                    <div class=\"testimonial-block-two\">\r\n                        <div class=\"inner-box\">\r\n                            <div class=\"info-box\">\r\n                                <div class=\"info-inner\">\r\n                                                                        <div class=\"author-image\">\r\n                                        <img decoding=\"async\" width=\"94\" height=\"94\" src=\"https:\/\/lkwstorecontrol.com\/malerwien24\/wp-content\/uploads\/2022\/05\/author-3.jpg\" class=\"attachment-roonix_94x94 size-roonix_94x94 wp-post-image\" alt=\"\" srcset=\"https:\/\/lkwstorecontrol.com\/malerwien24\/wp-content\/uploads\/2022\/05\/author-3.jpg 94w, https:\/\/lkwstorecontrol.com\/malerwien24\/wp-content\/uploads\/2022\/05\/author-3-90x90.jpg 90w, https:\/\/lkwstorecontrol.com\/malerwien24\/wp-content\/uploads\/2022\/05\/author-3-80x80.jpg 80w\" sizes=\"(max-width: 94px) 100vw, 94px\" \/>                                    <\/div>\r\n                                                                        Kevin Hood                                    <i>(Director@Orix)<\/i>\r\n                                <\/div>\r\n                            <\/div>\r\n                            <div class=\"text\">Maecenas consequat nisl ut lectus porta, quis sagittis risus lobortis. Duis ultricies, arcu id dignissim hendrerit, nulla nulla pretium enim, et dignissim sapien augue non lacus sed ...<\/div>\r\n                            <span class=\"quote-icon flaticon-quote\"><\/span>\r\n                        <\/div>\r\n                    <\/div>\r\n                                        <!-- Testimonial Block Two -->\r\n                    <div class=\"testimonial-block-two\">\r\n                        <div class=\"inner-box\">\r\n                            <div class=\"info-box\">\r\n                                <div class=\"info-inner\">\r\n                                                                        <div class=\"author-image\">\r\n                                        <img loading=\"lazy\" decoding=\"async\" width=\"94\" height=\"94\" src=\"https:\/\/lkwstorecontrol.com\/malerwien24\/wp-content\/uploads\/2022\/05\/author-4.jpg\" class=\"attachment-roonix_94x94 size-roonix_94x94 wp-post-image\" alt=\"\" srcset=\"https:\/\/lkwstorecontrol.com\/malerwien24\/wp-content\/uploads\/2022\/05\/author-4.jpg 94w, https:\/\/lkwstorecontrol.com\/malerwien24\/wp-content\/uploads\/2022\/05\/author-4-90x90.jpg 90w, https:\/\/lkwstorecontrol.com\/malerwien24\/wp-content\/uploads\/2022\/05\/author-4-80x80.jpg 80w\" sizes=\"(max-width: 94px) 100vw, 94px\" \/>                                    <\/div>\r\n                                                                        Rasalaina William                                    <i>(Founder@Orix)<\/i>\r\n                                <\/div>\r\n                            <\/div>\r\n                            <div class=\"text\">For your car we will do everything \u2013 advice, repairs and maintenance. We are the preferred choice by many car owners because our experience and knowledge is ...<\/div>\r\n                            <span class=\"quote-icon flaticon-quote\"><\/span>\r\n                        <\/div>\r\n                    <\/div>\r\n                                       \r\n                <\/div>\r\n            <\/div>\r\n        <\/div>\r\n    <\/section>\r\n \r\n \t\t\t\t\t<\/div>\n\t\t\t\t<\/div>\n\t\t\t\t\t<\/div>\n\t\t<\/div>\n\t\t\t\t\t<\/div>\n\t\t<\/section>\n\t\t\t\t<section class=\"elementor-section elementor-top-section elementor-element elementor-element-636f702 elementor-section-full_width elementor-section-height-default elementor-section-height-default elementor-invisible\" data-id=\"636f702\" data-element_type=\"section\" data-settings=\"{&quot;background_background&quot;:&quot;gradient&quot;,&quot;animation&quot;:&quot;slideInUp&quot;}\">\n\t\t\t\t\t\t<div class=\"elementor-container elementor-column-gap-default\">\n\t\t\t\t\t<div class=\"elementor-column elementor-col-100 elementor-top-column elementor-element elementor-element-54cf0aa\" data-id=\"54cf0aa\" data-element_type=\"column\">\n\t\t\t<div class=\"elementor-widget-wrap elementor-element-populated\">\n\t\t\t\t\t\t<div class=\"elementor-element elementor-element-0083a60 elementor-widget elementor-widget-roonix_appointment_form_v1\" data-id=\"0083a60\" data-element_type=\"widget\" data-widget_type=\"roonix_appointment_form_v1.default\">\n\t\t\t\t<div class=\"elementor-widget-container\">\n\t\t\t\t\t    <!-- Fluid Section Two -->\r\n    <section class=\"fluid-section-two\">\r\n    \t<div class=\"outer-container clearfix\">\r\n        \t\r\n\t\t\t<!-- Image Column -->\r\n            <div class=\"map-column\">\r\n\t\t\t\t<!-- Map Outer -->\r\n\t\t\t\t<div class=\"map-outer\">\r\n\t\t\t\t\t<iframe src=\"https:\/\/www.google.com\/maps\/embed?pb=!1m18!1m12!1m3!1d2661.5825325179508!2d16.30192237676835!3d48.15685304981838!2m3!1f0!2f0!3f0!3m2!1i1024!2i768!4f13.1!3m3!1m2!1s0x476da887d0c80d85%3A0x3f1ea82565cfc271!2sParttartgasse%2023%2C%201230%20Wien%2C%20Ausztria!5e0!3m2!1shu!2shu!4v1758968725506!5m2!1shu!2shu\" width=\"600\" height=\"450\" style=\"border:0;\" allowfullscreen=\"\" loading=\"lazy\" referrerpolicy=\"no-referrer-when-downgrade\"><\/iframe>\t\t\t\t<\/div>\r\n            <\/div>\r\n\t\t\t\r\n            <!-- Form Column -->\r\n            <div class=\"form-column\">\r\n            \t<div class=\"inner-column\">\r\n\t\t\t\t\t\t\t\t\t\t<!-- Sec Title -->\r\n\t\t\t\t\t<div class=\"sec-title light\">\r\n\t\t\t\t\t\t<div class=\"title\">WIRD SIND F\u00dcR SIE DA<\/div>\t\t\t\t\t\t<h2>KONTAKTIEREN SIE UNS<\/h2>\t\t\t\t\t<\/div>\r\n\t\t\t\t\t\t\t\t\t\t<!-- Default Form -->\r\n\t\t\t\t\t<div class=\"default-form\">\r\n\t\t\t\t\t\t\r\n\t\t\t\t\t\t\n<div class=\"wpcf7 no-js\" id=\"wpcf7-f1079-o1\" lang=\"en-US\" dir=\"ltr\" data-wpcf7-id=\"1079\">\n<div class=\"screen-reader-response\"><p role=\"status\" aria-live=\"polite\" aria-atomic=\"true\"><\/p> <ul><\/ul><\/div>\n<form action=\"\/malerwien24\/wp-json\/wp\/v2\/pages\/1780#wpcf7-f1079-o1\" method=\"post\" class=\"wpcf7-form init\" aria-label=\"Contact form\" novalidate=\"novalidate\" data-status=\"init\">\n<fieldset class=\"hidden-fields-container\"><input type=\"hidden\" name=\"_wpcf7\" value=\"1079\" \/><input type=\"hidden\" name=\"_wpcf7_version\" value=\"6.1.1\" \/><input type=\"hidden\" name=\"_wpcf7_locale\" value=\"en_US\" \/><input type=\"hidden\" name=\"_wpcf7_unit_tag\" value=\"wpcf7-f1079-o1\" \/><input type=\"hidden\" name=\"_wpcf7_container_post\" value=\"0\" \/><input type=\"hidden\" name=\"_wpcf7_posted_data_hash\" value=\"\" \/>\n<\/fieldset>\n<div class=\"row clearfix\">\n\t<div class=\"col-lg-6 col-md-6 col-sm-12 form-group\">\n\t\t<p><span class=\"wpcf7-form-control-wrap\" data-name=\"cf-v1text-669\"><input size=\"40\" maxlength=\"400\" class=\"wpcf7-form-control wpcf7-text wpcf7-validates-as-required\" aria-required=\"true\" aria-invalid=\"false\" placeholder=\"Ihr Name\" value=\"\" type=\"text\" name=\"cf-v1text-669\" \/><\/span>\n\t\t<\/p>\n\t<\/div>\n\t<div class=\"col-lg-6 col-md-6 col-sm-12 form-group\">\n\t\t<p><span class=\"wpcf7-form-control-wrap\" data-name=\"cf-v1phone-669\"><input size=\"40\" maxlength=\"400\" class=\"wpcf7-form-control wpcf7-text wpcf7-validates-as-required\" aria-required=\"true\" aria-invalid=\"false\" placeholder=\"Ihre Telefonnummer\" value=\"\" type=\"text\" name=\"cf-v1phone-669\" \/><\/span>\n\t\t<\/p>\n\t<\/div>\n\t<div class=\"col-lg-6 col-md-6 col-sm-12 form-group\">\n\t\t<p><span class=\"wpcf7-form-control-wrap\" data-name=\"cf1email-103\"><input size=\"40\" maxlength=\"400\" class=\"wpcf7-form-control wpcf7-email wpcf7-validates-as-required wpcf7-text wpcf7-validates-as-email\" aria-required=\"true\" aria-invalid=\"false\" placeholder=\"Ihre Email Addresse\" value=\"\" type=\"email\" name=\"cf1email-103\" \/><\/span>\n\t\t<\/p>\n\t<\/div>\n\t<div class=\"col-lg-6 col-md-6 col-sm-12 form-group\">\n\t\t<p><span class=\"wpcf7-form-control-wrap\" data-name=\"cf-v1sub-669\"><input size=\"40\" maxlength=\"400\" class=\"wpcf7-form-control wpcf7-text wpcf7-validates-as-required\" aria-required=\"true\" aria-invalid=\"false\" placeholder=\"Betreff\" value=\"\" type=\"text\" name=\"cf-v1sub-669\" \/><\/span>\n\t\t<\/p>\n\t<\/div>\n\t<div class=\"col-lg-12 col-md-12 col-sm-12 form-group\">\n\t\t<p><span class=\"wpcf7-form-control-wrap\" data-name=\"cfmessgae-846\"><textarea cols=\"40\" rows=\"10\" maxlength=\"2000\" class=\"wpcf7-form-control wpcf7-textarea wpcf7-validates-as-required\" aria-required=\"true\" aria-invalid=\"false\" name=\"cfmessgae-846\">Ihre Nachricht<\/textarea><\/span>\n\t\t<\/p>\n\t<\/div>\n\t<div class=\"col-lg-12 col-md-12 col-sm-12 form-group\">\n\t\t<p><button class=\"theme-btn btn-style-one\"><span class=\"btn-wrap\"><span class=\"text-one\">versenden<\/span><span class=\"text-two\">versenden<\/span><\/span><\/button>\n\t\t<\/p>\n\t<\/div>\n<\/div><div class=\"wpcf7-response-output\" aria-hidden=\"true\"><\/div>\n<\/form>\n<\/div>\n\t\t\t\t\t\t\t\r\n\t\t\t\t\t<\/div>\r\n\t\t\t\t\t<!-- End Default Form -->\r\n\t\t\t\t\t\r\n\t\t\t\t<\/div>\r\n\t\t\t<\/div>\r\n\t\t\t\r\n\t\t<\/div>\r\n\t<\/section>\r\n\t<!-- End Fluid Section Two -->\r\n\r\n    \t\t\t\t<\/div>\n\t\t\t\t<\/div>\n\t\t\t\t\t<\/div>\n\t\t<\/div>\n\t\t\t\t\t<\/div>\n\t\t<\/section>\n\t\t\t\t<\/div>\n\t\t","protected":false},"excerpt":{"rendered":"<p>UNSERE REFERENZEN Wir machen keinen Unterschied zwischen kleinen und gro\u00dfen Auftr\u00e4gen. Wir f\u00fchren jeden Auftrag auf h\u00f6chstem Niveau aus. Innenanstrich, Tapezieren Au\u00dfenanstrich, Fassaden ghrghjthjzjuzjuuzjuzu HAUS DES MEHRES VERNSEHER WAND DEKORATION SCHLAFZIMMER DEKORATION Das sagen unsere Kunden \u00fcber uns Einige R\u00fcckmeldungen unserer zufriedenen Kunden De Willmson (CEO@Orix) Capitalize on low hanging fruit to identify a ballpark [&hellip;]<\/p>\n","protected":false},"author":1,"featured_media":0,"parent":0,"menu_order":0,"comment_status":"closed","ping_status":"closed","template":"tpl-default-elementor.php","meta":{"ngg_post_thumbnail":0,"footnotes":""},"class_list":["post-1780","page","type-page","status-publish","hentry"],"_links":{"self":[{"href":"https:\/\/lkwstorecontrol.com\/malerwien24\/wp-json\/wp\/v2\/pages\/1780","targetHints":{"allow":["GET"]}}],"collection":[{"href":"https:\/\/lkwstorecontrol.com\/malerwien24\/wp-json\/wp\/v2\/pages"}],"about":[{"href":"https:\/\/lkwstorecontrol.com\/malerwien24\/wp-json\/wp\/v2\/types\/page"}],"author":[{"embeddable":true,"href":"https:\/\/lkwstorecontrol.com\/malerwien24\/wp-json\/wp\/v2\/users\/1"}],"replies":[{"embeddable":true,"href":"https:\/\/lkwstorecontrol.com\/malerwien24\/wp-json\/wp\/v2\/comments?post=1780"}],"version-history":[{"count":31,"href":"https:\/\/lkwstorecontrol.com\/malerwien24\/wp-json\/wp\/v2\/pages\/1780\/revisions"}],"predecessor-version":[{"id":1870,"href":"https:\/\/lkwstorecontrol.com\/malerwien24\/wp-json\/wp\/v2\/pages\/1780\/revisions\/1870"}],"wp:attachment":[{"href":"https:\/\/lkwstorecontrol.com\/malerwien24\/wp-json\/wp\/v2\/media?parent=1780"}],"curies":[{"name":"wp","href":"https:\/\/api.w.org\/{rel}","templated":true}]}}